{"id":18100,"date":"2025-08-22T21:41:36","date_gmt":"2025-08-22T21:41:36","guid":{"rendered":"https:\/\/nicoletta.com.py\/como-funciona\/"},"modified":"2026-02-13T23:01:29","modified_gmt":"2026-02-13T23:01:29","slug":"como-funciona","status":"publish","type":"page","link":"https:\/\/nicoletta.com.py\/es\/como-funciona\/","title":{"rendered":"C\u00d3MO FUNCIONA"},"content":{"rendered":"\t\t<div data-elementor-type=\"wp-page\" data-elementor-id=\"18100\" class=\"elementor elementor-18100 elementor-16123\">\n\t\t\t\t<div data-custom-animations=\"true\" data-ca-options=\"{&quot;addChildTimelines&quot;:false,&quot;trigger&quot;:&quot;firstChild&quot;,&quot;animationTarget&quot;:&quot;:scope .e-con-inner &gt; .e-con&quot;,&quot;duration&quot;:3200,&quot;delay&quot;:100,&quot;ease&quot;:[&quot;power4.out&quot;],&quot;initValues&quot;:{&quot;y&quot;:&quot;-38px&quot;,&quot;opacity&quot;:0,&quot;transformOrigin&quot;:&quot;50% 50% 0px&quot;},&quot;animations&quot;:{&quot;y&quot;:&quot;0px&quot;,&quot;opacity&quot;:1,&quot;transformOrigin&quot;:&quot;50% 50% 0px&quot;}}\" class=\"elementor-element elementor-element-854a912 e-flex e-con-boxed e-con e-parent\" data-id=\"854a912\" data-element_type=\"container\" data-e-type=\"container\">\n\t\t\t\t\t<div class=\"e-con-inner\">\n\t\t<div class=\"elementor-element elementor-element-e27e938 e-con-full e-flex e-con e-child\" data-id=\"e27e938\" data-element_type=\"container\" data-e-type=\"container\" data-settings=\"{&quot;background_background&quot;:&quot;classic&quot;}\">\n\t\t\t\t<div class=\"elementor-element elementor-element-d450816 elementor-widget__width-initial elementor-widget elementor-widget-hub_fancy_heading lqd-el-has-inner-anim\" data-id=\"d450816\" data-element_type=\"widget\" data-e-type=\"widget\" data-settings=\"{&quot;enable_split&quot;:&quot;true&quot;,&quot;split_type&quot;:&quot;chars, words&quot;}\" data-widget_type=\"hub_fancy_heading.default\">\n\t\t\t\t<div class=\"elementor-widget-container\">\n\t\t\t\t\t\n\t\t<div id=\"ld-fancy-heading-6a08348240dcc\" class=\"ld-fancy-heading pos-rel\">\n\t\t\t<h2 class=\"ld-fh-element d-inline-block pos-rel  elementor-heading-title lqd-highlight-classic lqd-highlight-grow-left lqd-split-chars h2\"  data-split-text=\"true\" data-split-options='{\"type\":\"chars, words\"}'> Tu camino hacia el merch personalizado empieza ac\u00e1<\/h2>\t\t<\/div>\n\n\t\t\t\t\t\t<\/div>\n\t\t\t\t<\/div>\n\t\t\t\t<div class=\"elementor-element elementor-element-c4d23fe elementor-widget__width-initial elementor-widget elementor-widget-text-editor\" data-id=\"c4d23fe\" data-element_type=\"widget\" data-e-type=\"widget\" data-widget_type=\"text-editor.default\">\n\t\t\t\t<div class=\"elementor-widget-container\">\n\t\t\t\t\t\t\t\t\t<p>Lo hacemos f\u00e1cil. As\u00ed llevamos tu visi\u00f3n<br>al producto terminado, paso a paso.<\/p>\t\t\t\t\t\t\t\t<\/div>\n\t\t\t\t<\/div>\n\t\t\t\t<\/div>\n\t\t\t\t\t<\/div>\n\t\t\t\t<\/div>\n\t\t<div class=\"elementor-element elementor-element-b5d1c15 e-flex e-con-boxed e-con e-parent\" data-id=\"b5d1c15\" data-element_type=\"container\" data-e-type=\"container\">\n\t\t\t\t\t<div class=\"e-con-inner\">\n\t\t\t\t<div class=\"elementor-element elementor-element-6368b01 elementor-widget elementor-widget-ld_process_box\" data-id=\"6368b01\" data-element_type=\"widget\" data-e-type=\"widget\" data-widget_type=\"ld_process_box.default\">\n\t\t\t\t<div class=\"elementor-widget-container\">\n\t\t\t\t\t\n\t\t<div class=\"lqd-pb-container lqd-pb-nums lqd-pb-zigzag\">\n\t\t\t<div class=\"lqd-pb-row row flex-column\">\n\n\t\t\t\t\t\t\t\t\t<div class=\"lqd-pb-column col-sm-6 elementor-repeater-item-0a53236\">\n\t\t\t\t\t\t\t<div class=\"lqd-pb lqd-pb-style-3 lqd-pb-shaped lqd-pb-circle d-flex\">\n\t\t\t\t\t\t\t\t<div class=\"lqd-pb-in-container lqd-pb-num-container pos-rel\">\n\t\t\t\t\t\t\t\t\t<div class=\"lqd-pb-in lqd-pb-num lqd-pb-active-shape d-flex border-radius-circle pos-rel z-index-1\">\n\t\t\t\t\t\t\t\t\t\t<div class=\"lqd-pb-shape-border lqd-overlay z-index-0\">\n\t\t\t\t\t\t\t\t\t\t\t<svg class=\"lqd-overlay\" xmlns=\"http:\/\/www.w3.org\/2000\/svg\" width=\"127\" height=\"126\" viewBox=\"0 0 127 126\">\n\t\t\t\t\t\t\t\t\t\t\t\t<path fill=\"none\" stroke-dasharray=\"0 9.9\" stroke-linecap=\"round\" stroke-width=\"2.2\" d=\"M61.5,123 C95.4655121,123 123,95.4655121 123,61.5 C123,27.5344879 95.4655121,0 61.5,0 C27.5344879,0 0,27.5344879 0,61.5 C0,95.4655121 27.5344879,123 61.5,123 Z\" transform=\"translate(2 1)\"\/>\n\t\t\t\t\t\t\t\t\t\t\t<\/svg>\n\t\t\t\t\t\t\t\t\t\t<\/div>\n\t\t\t\t\t\t\t\t\t<\/div>\n\t\t\t\t\t\t\t\t<\/div>\n\t\t\t\t\t\t\t\t<div class=\"lqd-pb-content\">\n\t\t\t\t\t\t\t\t\t<h3 class=\"h5\">Dise\u00f1\u00e1 y personaliz\u00e1<\/h3>\n\t\t\t\t\t\t\t\t\t<p>Dirigite a la secci\u00f3n \u201cTu Dise\u00f1o\u201d de nuestro sitio web para dar vida a tu visi\u00f3n. Eleg\u00ed tus productos y hasta dos colores que representen la identidad de tu universidad. Nuestra herramienta interactiva se actualiza en tiempo real, permiti\u00e9ndote previsualizar los colores y combinaciones seleccionadas a medida que los eleg\u00eds.<\/p>\n\t\t\t\t\t\t\t\t<\/div>\n\t\t\t\t\t\t\t<\/div>\n\t\t\t\t\t\t<\/div>\n\t\t\t\t\t\t\t\t\t\t\t\t<div class=\"lqd-pb-column col-sm-6 elementor-repeater-item-6a02c85\">\n\t\t\t\t\t\t\t<div class=\"lqd-pb lqd-pb-style-3 lqd-pb-shaped lqd-pb-circle d-flex\">\n\t\t\t\t\t\t\t\t<div class=\"lqd-pb-in-container lqd-pb-num-container pos-rel\">\n\t\t\t\t\t\t\t\t\t<div class=\"lqd-pb-in lqd-pb-num lqd-pb-active-shape d-flex border-radius-circle pos-rel z-index-1\">\n\t\t\t\t\t\t\t\t\t\t<div class=\"lqd-pb-shape-border lqd-overlay z-index-0\">\n\t\t\t\t\t\t\t\t\t\t\t<svg class=\"lqd-overlay\" xmlns=\"http:\/\/www.w3.org\/2000\/svg\" width=\"127\" height=\"126\" viewBox=\"0 0 127 126\">\n\t\t\t\t\t\t\t\t\t\t\t\t<path fill=\"none\" stroke-dasharray=\"0 9.9\" stroke-linecap=\"round\" stroke-width=\"2.2\" d=\"M61.5,123 C95.4655121,123 123,95.4655121 123,61.5 C123,27.5344879 95.4655121,0 61.5,0 C27.5344879,0 0,27.5344879 0,61.5 C0,95.4655121 27.5344879,123 61.5,123 Z\" transform=\"translate(2 1)\"\/>\n\t\t\t\t\t\t\t\t\t\t\t<\/svg>\n\t\t\t\t\t\t\t\t\t\t<\/div>\n\t\t\t\t\t\t\t\t\t<\/div>\n\t\t\t\t\t\t\t\t<\/div>\n\t\t\t\t\t\t\t\t<div class=\"lqd-pb-content\">\n\t\t\t\t\t\t\t\t\t<h3 class=\"h5\">Solicit\u00e1 una muestra <\/h3>\n\t\t\t\t\t\t\t\t\t<p>Despu\u00e9s de elegir tus dise\u00f1os y productos, solicit\u00e1 muestras para ver y sentir tus piezas personalizadas en persona. Cada muestra es hecha a mano por nuestras artesanas, mostrando la calidad y la historia detr\u00e1s de cada puntada.<\/p>\n\t\t\t\t\t\t\t\t<\/div>\n\t\t\t\t\t\t\t<\/div>\n\t\t\t\t\t\t<\/div>\n\t\t\t\t\t\t\t\t\t\t\t\t<div class=\"lqd-pb-column col-sm-6 elementor-repeater-item-2acabd4\">\n\t\t\t\t\t\t\t<div class=\"lqd-pb lqd-pb-style-3 lqd-pb-shaped lqd-pb-circle d-flex\">\n\t\t\t\t\t\t\t\t<div class=\"lqd-pb-in-container lqd-pb-num-container pos-rel\">\n\t\t\t\t\t\t\t\t\t<div class=\"lqd-pb-in lqd-pb-num lqd-pb-active-shape d-flex border-radius-circle pos-rel z-index-1\">\n\t\t\t\t\t\t\t\t\t\t<div class=\"lqd-pb-shape-border lqd-overlay z-index-0\">\n\t\t\t\t\t\t\t\t\t\t\t<svg class=\"lqd-overlay\" xmlns=\"http:\/\/www.w3.org\/2000\/svg\" width=\"127\" height=\"126\" viewBox=\"0 0 127 126\">\n\t\t\t\t\t\t\t\t\t\t\t\t<path fill=\"none\" stroke-dasharray=\"0 9.9\" stroke-linecap=\"round\" stroke-width=\"2.2\" d=\"M61.5,123 C95.4655121,123 123,95.4655121 123,61.5 C123,27.5344879 95.4655121,0 61.5,0 C27.5344879,0 0,27.5344879 0,61.5 C0,95.4655121 27.5344879,123 61.5,123 Z\" transform=\"translate(2 1)\"\/>\n\t\t\t\t\t\t\t\t\t\t\t<\/svg>\n\t\t\t\t\t\t\t\t\t\t<\/div>\n\t\t\t\t\t\t\t\t\t<\/div>\n\t\t\t\t\t\t\t\t<\/div>\n\t\t\t\t\t\t\t\t<div class=\"lqd-pb-content\">\n\t\t\t\t\t\t\t\t\t<h3 class=\"h5\">Hac\u00e9 tu pedido<\/h3>\n\t\t\t\t\t\t\t\t\t<p>\u00bfTe encant\u00f3 tu muestra? \u00bfListo para hacer tu pedido? Nos encantar\u00eda trabajar con vos.\nPara comenzar, escribinos a info@nicoletta.com.py con el producto que quer\u00e9s, la cantidad (m\u00ednimo de 100 unidades por producto) y tus preferencias de entrega. Desde ah\u00ed, te guiaremos con los pr\u00f3ximos pasos y toda la log\u00edstica.<\/p>\n\t\t\t\t\t\t\t\t<\/div>\n\t\t\t\t\t\t\t<\/div>\n\t\t\t\t\t\t<\/div>\n\t\t\t\t\t\t\t\t\t\t\t\t<div class=\"lqd-pb-column col-sm-6 elementor-repeater-item-cbca536\">\n\t\t\t\t\t\t\t<div class=\"lqd-pb lqd-pb-style-3 lqd-pb-shaped lqd-pb-circle d-flex\">\n\t\t\t\t\t\t\t\t<div class=\"lqd-pb-in-container lqd-pb-num-container pos-rel\">\n\t\t\t\t\t\t\t\t\t<div class=\"lqd-pb-in lqd-pb-num lqd-pb-active-shape d-flex border-radius-circle pos-rel z-index-1\">\n\t\t\t\t\t\t\t\t\t\t<div class=\"lqd-pb-shape-border lqd-overlay z-index-0\">\n\t\t\t\t\t\t\t\t\t\t\t<svg class=\"lqd-overlay\" xmlns=\"http:\/\/www.w3.org\/2000\/svg\" width=\"127\" height=\"126\" viewBox=\"0 0 127 126\">\n\t\t\t\t\t\t\t\t\t\t\t\t<path fill=\"none\" stroke-dasharray=\"0 9.9\" stroke-linecap=\"round\" stroke-width=\"2.2\" d=\"M61.5,123 C95.4655121,123 123,95.4655121 123,61.5 C123,27.5344879 95.4655121,0 61.5,0 C27.5344879,0 0,27.5344879 0,61.5 C0,95.4655121 27.5344879,123 61.5,123 Z\" transform=\"translate(2 1)\"\/>\n\t\t\t\t\t\t\t\t\t\t\t<\/svg>\n\t\t\t\t\t\t\t\t\t\t<\/div>\n\t\t\t\t\t\t\t\t\t<\/div>\n\t\t\t\t\t\t\t\t<\/div>\n\t\t\t\t\t\t\t\t<div class=\"lqd-pb-content\">\n\t\t\t\t\t\t\t\t\t<h3 class=\"h5\">Producci\u00f3n<\/h3>\n\t\t\t\t\t\t\t\t\t<p>Nuestras artesanas comienzan a confeccionar tus piezas a mano con habilidad, intenci\u00f3n y orgullo. La producci\u00f3n suele tardar entre 3 y 4 meses, seg\u00fan el tama\u00f1o y la complejidad del pedido. Te mantendremos al tanto durante todo el proceso.<\/p>\n\t\t\t\t\t\t\t\t<\/div>\n\t\t\t\t\t\t\t<\/div>\n\t\t\t\t\t\t<\/div>\n\t\t\t\t\t\t\t\t\t\t\t\t<div class=\"lqd-pb-column col-sm-6 elementor-repeater-item-0ba071d\">\n\t\t\t\t\t\t\t<div class=\"lqd-pb lqd-pb-style-3 lqd-pb-shaped lqd-pb-circle d-flex\">\n\t\t\t\t\t\t\t\t<div class=\"lqd-pb-in-container lqd-pb-num-container pos-rel\">\n\t\t\t\t\t\t\t\t\t<div class=\"lqd-pb-in lqd-pb-num lqd-pb-active-shape d-flex border-radius-circle pos-rel z-index-1\">\n\t\t\t\t\t\t\t\t\t\t<div class=\"lqd-pb-shape-border lqd-overlay z-index-0\">\n\t\t\t\t\t\t\t\t\t\t\t<svg class=\"lqd-overlay\" xmlns=\"http:\/\/www.w3.org\/2000\/svg\" width=\"127\" height=\"126\" viewBox=\"0 0 127 126\">\n\t\t\t\t\t\t\t\t\t\t\t\t<path fill=\"none\" stroke-dasharray=\"0 9.9\" stroke-linecap=\"round\" stroke-width=\"2.2\" d=\"M61.5,123 C95.4655121,123 123,95.4655121 123,61.5 C123,27.5344879 95.4655121,0 61.5,0 C27.5344879,0 0,27.5344879 0,61.5 C0,95.4655121 27.5344879,123 61.5,123 Z\" transform=\"translate(2 1)\"\/>\n\t\t\t\t\t\t\t\t\t\t\t<\/svg>\n\t\t\t\t\t\t\t\t\t\t<\/div>\n\t\t\t\t\t\t\t\t\t<\/div>\n\t\t\t\t\t\t\t\t<\/div>\n\t\t\t\t\t\t\t\t<div class=\"lqd-pb-content\">\n\t\t\t\t\t\t\t\t\t<h3 class=\"h5\">Env\u00edo y entrega<\/h3>\n\t\t\t\t\t\t\t\t\t<p>Trabajamos con transportistas internacionales de confianza para ofrecer una entrega puerta a puerta sin complicaciones, asegurando que tu pedido llegue de forma segura y a tiempo, con todos los costos incluidos.<\/p>\n\t\t\t\t\t\t\t\t<\/div>\n\t\t\t\t\t\t\t<\/div>\n\t\t\t\t\t\t<\/div>\n\t\t\t\t\t\t\n\t\t\t<\/div>\n\t\t<\/div>\n\n\t\t\t\t\t\t<\/div>\n\t\t\t\t<\/div>\n\t\t\t\t\t<\/div>\n\t\t\t\t<\/div>\n\t\t<div class=\"elementor-element elementor-element-2cb2402 e-flex e-con-boxed e-con e-parent\" data-id=\"2cb2402\" data-element_type=\"container\" data-e-type=\"container\">\n\t\t\t\t\t<div class=\"e-con-inner\">\n\t\t<div class=\"elementor-element elementor-element-046b624 e-con-full elementor-hidden-tablet elementor-hidden-mobile e-flex e-con e-child\" data-id=\"046b624\" data-element_type=\"container\" data-e-type=\"container\" data-settings=\"{&quot;background_background&quot;:&quot;classic&quot;}\">\n\t\t\t\t<div class=\"elementor-element elementor-element-b3c33f3 elementor-widget elementor-widget-ld_fancy_image\" data-id=\"b3c33f3\" data-element_type=\"widget\" data-e-type=\"widget\" data-widget_type=\"ld_fancy_image.default\">\n\t\t\t\t<div class=\"elementor-widget-container\">\n\t\t\t\t\t\n\t\t<div class=\"lqd-imggrp-single d-block pos-rel \">\n\t\t\t<div class=\"lqd-imggrp-img-container d-inline-flex pos-rel align-items-center justify-content-center \">\n\t\t\t\t\t\t\t\t<figure class=\"w-100 pos-rel\">\n\t\t\t\t\t<img fetchpriority=\"high\" decoding=\"async\" width=\"800\" height=\"701\" src=\"https:\/\/nicoletta.com.py\/wp-content\/uploads\/2025\/08\/recorte-1-ajustado.png\" class=\"attachment-full size-full wp-image-16231\" alt=\"\" srcset=\"https:\/\/nicoletta.com.py\/wp-content\/uploads\/2025\/08\/recorte-1-ajustado.png 800w, https:\/\/nicoletta.com.py\/wp-content\/uploads\/2025\/08\/recorte-1-ajustado-300x263.png 300w\" sizes=\"(max-width: 800px) 100vw, 800px\" itemprop=\"image\" \/>\t\t\t\t\t\t\t\t\t\t\t\t\t\t\t\t\t\t\t\t\t\t\t\t\t\t\t\t\t<\/figure>\n\t\t\t<\/div>\n\t\t<\/div>\n\n\t\t\t\t\t<\/div>\n\t\t\t\t<\/div>\n\t\t\t\t<\/div>\n\t\t<div class=\"elementor-element elementor-element-1a423f5 e-con-full e-flex e-con e-child\" data-id=\"1a423f5\" data-element_type=\"container\" data-e-type=\"container\" data-settings=\"{&quot;background_background&quot;:&quot;classic&quot;}\">\n\t\t\t\t<div class=\"elementor-element elementor-element-a21e342 elementor-widget elementor-widget-hub_fancy_heading lqd-el-has-inner-anim\" data-id=\"a21e342\" data-element_type=\"widget\" data-e-type=\"widget\" data-settings=\"{&quot;enable_split&quot;:&quot;true&quot;,&quot;split_type&quot;:&quot;words&quot;}\" data-widget_type=\"hub_fancy_heading.default\">\n\t\t\t\t<div class=\"elementor-widget-container\">\n\t\t\t\t\t\n\t\t<div id=\"ld-fancy-heading-6a083482455cf\" class=\"ld-fancy-heading pos-rel\">\n\t\t\t<h2 class=\"ld-fh-element d-inline-block pos-rel  elementor-heading-title lqd-highlight-classic lqd-highlight-grow-left lqd-split-words h2\"  data-split-text=\"true\" data-split-options='{\"type\":\"words\"}'> D\u00e9mosle vida a tu merch<\/h2>\t\t<\/div>\n\n\t\t\t\t\t\t<\/div>\n\t\t\t\t<\/div>\n\t\t\t\t<div class=\"elementor-element elementor-element-0ccb286 elementor-widget__width-initial elementor-widget elementor-widget-text-editor\" data-id=\"0ccb286\" data-element_type=\"widget\" data-e-type=\"widget\" data-widget_type=\"text-editor.default\">\n\t\t\t\t<div class=\"elementor-widget-container\">\n\t\t\t\t\t\t\t\t\t<p>Cada pieza de Nicoletta es m\u00e1s que solo merch. Es una expresi\u00f3n poderosa de identidad, creatividad e impacto. Ya sea que est\u00e9s representando a tu universidad, sorprendiendo a tu equipo o lanzando algo nuevo y con significado, estamos ac\u00e1 para hacerlo realidad. Desde tu primer clic de dise\u00f1o hasta el d\u00eda en que llega tu pedido, estamos con vos en cada paso: sin dudas, sin estr\u00e9s. Solo comunicaci\u00f3n clara, calidad hecha a mano y piezas personalizadas que vas a estar orgulloso de compartir. <br>\u00bfListo para empezar? Nosotros tambi\u00e9n.<\/p>\t\t\t\t\t\t\t\t<\/div>\n\t\t\t\t<\/div>\n\t\t\t\t<div class=\"elementor-element elementor-element-7cfce63 elementor-align-center elementor-widget elementor-widget-ld_button\" data-id=\"7cfce63\" data-element_type=\"widget\" data-e-type=\"widget\" data-widget_type=\"ld_button.default\">\n\t\t\t\t<div class=\"elementor-widget-container\">\n\t\t\t\t\t\n\t\t\t<a\n\t\t\t\thref=\"https:\/\/nicoletta.com.py\/your-design\/\"class=\"elementor-button btn btn-solid btn-icon-shaped btn-has-label\"\t\t\t>\n\t\t\t\t\t\t\t\t\t<span data-text=\"PERSONALIZ\u00c1 TU NICOLETTA\" class=\"btn-txt\">\n\t\t\t\t\t\tPERSONALIZ\u00c1 TU NICOLETTA\t\t\t\t\t<\/span>\n\t\t\t\t\t\t\t\t\t\t\t<\/a>\n\t\t\t\t\t\t\t<\/div>\n\t\t\t\t<\/div>\n\t\t\t\t<\/div>\n\t\t\t\t\t<\/div>\n\t\t\t\t<\/div>\n\t\t\t\t<\/div>\n\t\t","protected":false},"excerpt":{"rendered":"<p>Tu camino hacia el merch personalizado empieza ac\u00e1 Lo hacemos f\u00e1cil. As\u00ed llevamos tu visi\u00f3nal producto terminado, paso a paso. Dise\u00f1\u00e1 y personaliz\u00e1 Dirigite a la secci\u00f3n \u201cTu Dise\u00f1o\u201d de nuestro sitio web para dar vida a tu visi\u00f3n. Eleg\u00ed tus productos y hasta dos colores que representen la identidad de tu universidad. Nuestra herramienta [&hellip;]<\/p>\n","protected":false},"author":1,"featured_media":0,"parent":0,"menu_order":0,"comment_status":"closed","ping_status":"closed","template":"","meta":{"footnotes":""},"class_list":["post-18100","page","type-page","status-publish","hentry"],"_links":{"self":[{"href":"https:\/\/nicoletta.com.py\/es\/wp-json\/wp\/v2\/pages\/18100","targetHints":{"allow":["GET"]}}],"collection":[{"href":"https:\/\/nicoletta.com.py\/es\/wp-json\/wp\/v2\/pages"}],"about":[{"href":"https:\/\/nicoletta.com.py\/es\/wp-json\/wp\/v2\/types\/page"}],"author":[{"embeddable":true,"href":"https:\/\/nicoletta.com.py\/es\/wp-json\/wp\/v2\/users\/1"}],"replies":[{"embeddable":true,"href":"https:\/\/nicoletta.com.py\/es\/wp-json\/wp\/v2\/comments?post=18100"}],"version-history":[{"count":4,"href":"https:\/\/nicoletta.com.py\/es\/wp-json\/wp\/v2\/pages\/18100\/revisions"}],"predecessor-version":[{"id":18278,"href":"https:\/\/nicoletta.com.py\/es\/wp-json\/wp\/v2\/pages\/18100\/revisions\/18278"}],"wp:attachment":[{"href":"https:\/\/nicoletta.com.py\/es\/wp-json\/wp\/v2\/media?parent=18100"}],"curies":[{"name":"wp","href":"https:\/\/api.w.org\/{rel}","templated":true}]}}