{"id":18273,"date":"2025-08-22T21:41:36","date_gmt":"2025-08-22T21:41:36","guid":{"rendered":"https:\/\/nicoletta.com.py\/como-funciona\/"},"modified":"2026-02-16T21:16:47","modified_gmt":"2026-02-16T21:16:47","slug":"como-funciona","status":"publish","type":"page","link":"https:\/\/nicoletta.com.py\/pt-br\/como-funciona\/","title":{"rendered":"COMO FUNCIONA"},"content":{"rendered":"\t\t<div data-elementor-type=\"wp-page\" data-elementor-id=\"18273\" class=\"elementor elementor-18273 elementor-16123\">\n\t\t\t\t<div data-custom-animations=\"true\" data-ca-options=\"{&quot;addChildTimelines&quot;:false,&quot;trigger&quot;:&quot;firstChild&quot;,&quot;animationTarget&quot;:&quot;:scope .e-con-inner &gt; .e-con&quot;,&quot;duration&quot;:3200,&quot;delay&quot;:100,&quot;ease&quot;:[&quot;power4.out&quot;],&quot;initValues&quot;:{&quot;y&quot;:&quot;-38px&quot;,&quot;opacity&quot;:0,&quot;transformOrigin&quot;:&quot;50% 50% 0px&quot;},&quot;animations&quot;:{&quot;y&quot;:&quot;0px&quot;,&quot;opacity&quot;:1,&quot;transformOrigin&quot;:&quot;50% 50% 0px&quot;}}\" class=\"elementor-element elementor-element-854a912 e-flex e-con-boxed e-con e-parent\" data-id=\"854a912\" data-element_type=\"container\" data-e-type=\"container\">\n\t\t\t\t\t<div class=\"e-con-inner\">\n\t\t<div class=\"elementor-element elementor-element-e27e938 e-con-full e-flex e-con e-child\" data-id=\"e27e938\" data-element_type=\"container\" data-e-type=\"container\" data-settings=\"{&quot;background_background&quot;:&quot;classic&quot;}\">\n\t\t\t\t<div class=\"elementor-element elementor-element-d450816 elementor-widget__width-initial elementor-widget elementor-widget-hub_fancy_heading lqd-el-has-inner-anim\" data-id=\"d450816\" data-element_type=\"widget\" data-e-type=\"widget\" data-settings=\"{&quot;enable_split&quot;:&quot;true&quot;,&quot;split_type&quot;:&quot;chars, words&quot;}\" data-widget_type=\"hub_fancy_heading.default\">\n\t\t\t\t<div class=\"elementor-widget-container\">\n\t\t\t\t\t\n\t\t<div id=\"ld-fancy-heading-6a0822b51440b\" class=\"ld-fancy-heading pos-rel\">\n\t\t\t<h2 class=\"ld-fh-element d-inline-block pos-rel  elementor-heading-title lqd-highlight-classic lqd-highlight-grow-left lqd-split-chars h2\"  data-split-text=\"true\" data-split-options='{\"type\":\"chars, words\"}'> Sua jornada de merchandising personalizado come\u00e7a aqui<\/h2>\t\t<\/div>\n\n\t\t\t\t\t\t<\/div>\n\t\t\t\t<\/div>\n\t\t\t\t<div class=\"elementor-element elementor-element-c4d23fe elementor-widget__width-initial elementor-widget elementor-widget-text-editor\" data-id=\"c4d23fe\" data-element_type=\"widget\" data-e-type=\"widget\" data-widget_type=\"text-editor.default\">\n\t\t\t\t<div class=\"elementor-widget-container\">\n\t\t\t\t\t\t\t\t\t<p>N\u00f3s facilitamos tudo. Veja como ir da ideia<br>ao produto final, passo a passo. <\/p>\t\t\t\t\t\t\t\t<\/div>\n\t\t\t\t<\/div>\n\t\t\t\t<\/div>\n\t\t\t\t\t<\/div>\n\t\t\t\t<\/div>\n\t\t<div class=\"elementor-element elementor-element-b5d1c15 e-flex e-con-boxed e-con e-parent\" data-id=\"b5d1c15\" data-element_type=\"container\" data-e-type=\"container\">\n\t\t\t\t\t<div class=\"e-con-inner\">\n\t\t\t\t<div class=\"elementor-element elementor-element-6368b01 elementor-widget elementor-widget-ld_process_box\" data-id=\"6368b01\" data-element_type=\"widget\" data-e-type=\"widget\" data-widget_type=\"ld_process_box.default\">\n\t\t\t\t<div class=\"elementor-widget-container\">\n\t\t\t\t\t\n\t\t<div class=\"lqd-pb-container lqd-pb-nums lqd-pb-zigzag\">\n\t\t\t<div class=\"lqd-pb-row row flex-column\">\n\n\t\t\t\t\t\t\t\t\t<div class=\"lqd-pb-column col-sm-6 elementor-repeater-item-0a53236\">\n\t\t\t\t\t\t\t<div class=\"lqd-pb lqd-pb-style-3 lqd-pb-shaped lqd-pb-circle d-flex\">\n\t\t\t\t\t\t\t\t<div class=\"lqd-pb-in-container lqd-pb-num-container pos-rel\">\n\t\t\t\t\t\t\t\t\t<div class=\"lqd-pb-in lqd-pb-num lqd-pb-active-shape d-flex border-radius-circle pos-rel z-index-1\">\n\t\t\t\t\t\t\t\t\t\t<div class=\"lqd-pb-shape-border lqd-overlay z-index-0\">\n\t\t\t\t\t\t\t\t\t\t\t<svg class=\"lqd-overlay\" xmlns=\"http:\/\/www.w3.org\/2000\/svg\" width=\"127\" height=\"126\" viewBox=\"0 0 127 126\">\n\t\t\t\t\t\t\t\t\t\t\t\t<path fill=\"none\" stroke-dasharray=\"0 9.9\" stroke-linecap=\"round\" stroke-width=\"2.2\" d=\"M61.5,123 C95.4655121,123 123,95.4655121 123,61.5 C123,27.5344879 95.4655121,0 61.5,0 C27.5344879,0 0,27.5344879 0,61.5 C0,95.4655121 27.5344879,123 61.5,123 Z\" transform=\"translate(2 1)\"\/>\n\t\t\t\t\t\t\t\t\t\t\t<\/svg>\n\t\t\t\t\t\t\t\t\t\t<\/div>\n\t\t\t\t\t\t\t\t\t<\/div>\n\t\t\t\t\t\t\t\t<\/div>\n\t\t\t\t\t\t\t\t<div class=\"lqd-pb-content\">\n\t\t\t\t\t\t\t\t\t<h3 class=\"h5\">Desenhe e personalize<\/h3>\n\t\t\t\t\t\t\t\t\t<p>V\u00e1 at\u00e9 a se\u00e7\u00e3o \u201cSeu Design\u201d do nosso site para dar vida \u00e0 sua ideia. Escolha seus produtos e at\u00e9 duas cores que reflitam a identidade da sua universidade. Nossa ferramenta interativa atualiza em tempo real, permitindo visualizar as cores e combina\u00e7\u00f5es selecionadas conforme voc\u00ea escolhe.  <\/p>\n\t\t\t\t\t\t\t\t<\/div>\n\t\t\t\t\t\t\t<\/div>\n\t\t\t\t\t\t<\/div>\n\t\t\t\t\t\t\t\t\t\t\t\t<div class=\"lqd-pb-column col-sm-6 elementor-repeater-item-6a02c85\">\n\t\t\t\t\t\t\t<div class=\"lqd-pb lqd-pb-style-3 lqd-pb-shaped lqd-pb-circle d-flex\">\n\t\t\t\t\t\t\t\t<div class=\"lqd-pb-in-container lqd-pb-num-container pos-rel\">\n\t\t\t\t\t\t\t\t\t<div class=\"lqd-pb-in lqd-pb-num lqd-pb-active-shape d-flex border-radius-circle pos-rel z-index-1\">\n\t\t\t\t\t\t\t\t\t\t<div class=\"lqd-pb-shape-border lqd-overlay z-index-0\">\n\t\t\t\t\t\t\t\t\t\t\t<svg class=\"lqd-overlay\" xmlns=\"http:\/\/www.w3.org\/2000\/svg\" width=\"127\" height=\"126\" viewBox=\"0 0 127 126\">\n\t\t\t\t\t\t\t\t\t\t\t\t<path fill=\"none\" stroke-dasharray=\"0 9.9\" stroke-linecap=\"round\" stroke-width=\"2.2\" d=\"M61.5,123 C95.4655121,123 123,95.4655121 123,61.5 C123,27.5344879 95.4655121,0 61.5,0 C27.5344879,0 0,27.5344879 0,61.5 C0,95.4655121 27.5344879,123 61.5,123 Z\" transform=\"translate(2 1)\"\/>\n\t\t\t\t\t\t\t\t\t\t\t<\/svg>\n\t\t\t\t\t\t\t\t\t\t<\/div>\n\t\t\t\t\t\t\t\t\t<\/div>\n\t\t\t\t\t\t\t\t<\/div>\n\t\t\t\t\t\t\t\t<div class=\"lqd-pb-content\">\n\t\t\t\t\t\t\t\t\t<h3 class=\"h5\">Solicite uma amostra <\/h3>\n\t\t\t\t\t\t\t\t\t<p>Depois de selecionar seus designs e produtos, solicite amostras para ver e sentir suas pe\u00e7as personalizadas pessoalmente. Cada amostra \u00e9 feita \u00e0 m\u00e3o por nossas artes\u00e3s, demonstrando a qualidade e a hist\u00f3ria por tr\u00e1s de cada ponto. <\/p>\n\t\t\t\t\t\t\t\t<\/div>\n\t\t\t\t\t\t\t<\/div>\n\t\t\t\t\t\t<\/div>\n\t\t\t\t\t\t\t\t\t\t\t\t<div class=\"lqd-pb-column col-sm-6 elementor-repeater-item-2acabd4\">\n\t\t\t\t\t\t\t<div class=\"lqd-pb lqd-pb-style-3 lqd-pb-shaped lqd-pb-circle d-flex\">\n\t\t\t\t\t\t\t\t<div class=\"lqd-pb-in-container lqd-pb-num-container pos-rel\">\n\t\t\t\t\t\t\t\t\t<div class=\"lqd-pb-in lqd-pb-num lqd-pb-active-shape d-flex border-radius-circle pos-rel z-index-1\">\n\t\t\t\t\t\t\t\t\t\t<div class=\"lqd-pb-shape-border lqd-overlay z-index-0\">\n\t\t\t\t\t\t\t\t\t\t\t<svg class=\"lqd-overlay\" xmlns=\"http:\/\/www.w3.org\/2000\/svg\" width=\"127\" height=\"126\" viewBox=\"0 0 127 126\">\n\t\t\t\t\t\t\t\t\t\t\t\t<path fill=\"none\" stroke-dasharray=\"0 9.9\" stroke-linecap=\"round\" stroke-width=\"2.2\" d=\"M61.5,123 C95.4655121,123 123,95.4655121 123,61.5 C123,27.5344879 95.4655121,0 61.5,0 C27.5344879,0 0,27.5344879 0,61.5 C0,95.4655121 27.5344879,123 61.5,123 Z\" transform=\"translate(2 1)\"\/>\n\t\t\t\t\t\t\t\t\t\t\t<\/svg>\n\t\t\t\t\t\t\t\t\t\t<\/div>\n\t\t\t\t\t\t\t\t\t<\/div>\n\t\t\t\t\t\t\t\t<\/div>\n\t\t\t\t\t\t\t\t<div class=\"lqd-pb-content\">\n\t\t\t\t\t\t\t\t\t<h3 class=\"h5\">Fa\u00e7a seu pedido<\/h3>\n\t\t\t\t\t\t\t\t\t<p>Gostou da sua amostra? Pronto para fazer um pedido? Vamos adorar trabalhar com voc\u00ea.\nPara come\u00e7ar, envie um e-mail para info@nicoletta.com.py com o produto desejado, a quantidade (m\u00ednimo de 100 unidades por produto) e suas prefer\u00eancias de entrega. A partir da\u00ed, vamos orientar voc\u00ea sobre os pr\u00f3ximos passos e a log\u00edstica.   <\/p>\n\t\t\t\t\t\t\t\t<\/div>\n\t\t\t\t\t\t\t<\/div>\n\t\t\t\t\t\t<\/div>\n\t\t\t\t\t\t\t\t\t\t\t\t<div class=\"lqd-pb-column col-sm-6 elementor-repeater-item-cbca536\">\n\t\t\t\t\t\t\t<div class=\"lqd-pb lqd-pb-style-3 lqd-pb-shaped lqd-pb-circle d-flex\">\n\t\t\t\t\t\t\t\t<div class=\"lqd-pb-in-container lqd-pb-num-container pos-rel\">\n\t\t\t\t\t\t\t\t\t<div class=\"lqd-pb-in lqd-pb-num lqd-pb-active-shape d-flex border-radius-circle pos-rel z-index-1\">\n\t\t\t\t\t\t\t\t\t\t<div class=\"lqd-pb-shape-border lqd-overlay z-index-0\">\n\t\t\t\t\t\t\t\t\t\t\t<svg class=\"lqd-overlay\" xmlns=\"http:\/\/www.w3.org\/2000\/svg\" width=\"127\" height=\"126\" viewBox=\"0 0 127 126\">\n\t\t\t\t\t\t\t\t\t\t\t\t<path fill=\"none\" stroke-dasharray=\"0 9.9\" stroke-linecap=\"round\" stroke-width=\"2.2\" d=\"M61.5,123 C95.4655121,123 123,95.4655121 123,61.5 C123,27.5344879 95.4655121,0 61.5,0 C27.5344879,0 0,27.5344879 0,61.5 C0,95.4655121 27.5344879,123 61.5,123 Z\" transform=\"translate(2 1)\"\/>\n\t\t\t\t\t\t\t\t\t\t\t<\/svg>\n\t\t\t\t\t\t\t\t\t\t<\/div>\n\t\t\t\t\t\t\t\t\t<\/div>\n\t\t\t\t\t\t\t\t<\/div>\n\t\t\t\t\t\t\t\t<div class=\"lqd-pb-content\">\n\t\t\t\t\t\t\t\t\t<h3 class=\"h5\">Produ\u00e7\u00e3o<\/h3>\n\t\t\t\t\t\t\t\t\t<p>Nossas artes\u00e3s come\u00e7am a confeccionar suas pe\u00e7as \u00e0 m\u00e3o com habilidade, inten\u00e7\u00e3o e orgulho. A produ\u00e7\u00e3o normalmente leva de 3 a 4 meses, dependendo do tamanho e da complexidade do pedido. Vamos manter voc\u00ea atualizado ao longo do processo.  <\/p>\n\t\t\t\t\t\t\t\t<\/div>\n\t\t\t\t\t\t\t<\/div>\n\t\t\t\t\t\t<\/div>\n\t\t\t\t\t\t\t\t\t\t\t\t<div class=\"lqd-pb-column col-sm-6 elementor-repeater-item-0ba071d\">\n\t\t\t\t\t\t\t<div class=\"lqd-pb lqd-pb-style-3 lqd-pb-shaped lqd-pb-circle d-flex\">\n\t\t\t\t\t\t\t\t<div class=\"lqd-pb-in-container lqd-pb-num-container pos-rel\">\n\t\t\t\t\t\t\t\t\t<div class=\"lqd-pb-in lqd-pb-num lqd-pb-active-shape d-flex border-radius-circle pos-rel z-index-1\">\n\t\t\t\t\t\t\t\t\t\t<div class=\"lqd-pb-shape-border lqd-overlay z-index-0\">\n\t\t\t\t\t\t\t\t\t\t\t<svg class=\"lqd-overlay\" xmlns=\"http:\/\/www.w3.org\/2000\/svg\" width=\"127\" height=\"126\" viewBox=\"0 0 127 126\">\n\t\t\t\t\t\t\t\t\t\t\t\t<path fill=\"none\" stroke-dasharray=\"0 9.9\" stroke-linecap=\"round\" stroke-width=\"2.2\" d=\"M61.5,123 C95.4655121,123 123,95.4655121 123,61.5 C123,27.5344879 95.4655121,0 61.5,0 C27.5344879,0 0,27.5344879 0,61.5 C0,95.4655121 27.5344879,123 61.5,123 Z\" transform=\"translate(2 1)\"\/>\n\t\t\t\t\t\t\t\t\t\t\t<\/svg>\n\t\t\t\t\t\t\t\t\t\t<\/div>\n\t\t\t\t\t\t\t\t\t<\/div>\n\t\t\t\t\t\t\t\t<\/div>\n\t\t\t\t\t\t\t\t<div class=\"lqd-pb-content\">\n\t\t\t\t\t\t\t\t\t<h3 class=\"h5\">Envio e entrega<\/h3>\n\t\t\t\t\t\t\t\t\t<p>Trabalhamos com transportadoras internacionais confi\u00e1veis para oferecer entrega porta a porta, garantindo que seu pedido chegue com seguran\u00e7a e no prazo, com todos os custos inclu\u00eddos.<\/p>\n\t\t\t\t\t\t\t\t<\/div>\n\t\t\t\t\t\t\t<\/div>\n\t\t\t\t\t\t<\/div>\n\t\t\t\t\t\t\n\t\t\t<\/div>\n\t\t<\/div>\n\n\t\t\t\t\t\t<\/div>\n\t\t\t\t<\/div>\n\t\t\t\t\t<\/div>\n\t\t\t\t<\/div>\n\t\t<div class=\"elementor-element elementor-element-2cb2402 e-flex e-con-boxed e-con e-parent\" data-id=\"2cb2402\" data-element_type=\"container\" data-e-type=\"container\">\n\t\t\t\t\t<div class=\"e-con-inner\">\n\t\t<div class=\"elementor-element elementor-element-046b624 e-con-full elementor-hidden-tablet elementor-hidden-mobile e-flex e-con e-child\" data-id=\"046b624\" data-element_type=\"container\" data-e-type=\"container\" data-settings=\"{&quot;background_background&quot;:&quot;classic&quot;}\">\n\t\t\t\t<div class=\"elementor-element elementor-element-b3c33f3 elementor-widget elementor-widget-ld_fancy_image\" data-id=\"b3c33f3\" data-element_type=\"widget\" data-e-type=\"widget\" data-widget_type=\"ld_fancy_image.default\">\n\t\t\t\t<div class=\"elementor-widget-container\">\n\t\t\t\t\t\n\t\t<div class=\"lqd-imggrp-single d-block pos-rel \">\n\t\t\t<div class=\"lqd-imggrp-img-container d-inline-flex pos-rel align-items-center justify-content-center \">\n\t\t\t\t\t\t\t\t<figure class=\"w-100 pos-rel\">\n\t\t\t\t\t<img fetchpriority=\"high\" decoding=\"async\" width=\"800\" height=\"701\" src=\"https:\/\/nicoletta.com.py\/wp-content\/uploads\/2025\/08\/recorte-1-ajustado.png\" class=\"attachment-full size-full wp-image-16231\" alt=\"\" srcset=\"https:\/\/nicoletta.com.py\/wp-content\/uploads\/2025\/08\/recorte-1-ajustado.png 800w, https:\/\/nicoletta.com.py\/wp-content\/uploads\/2025\/08\/recorte-1-ajustado-300x263.png 300w\" sizes=\"(max-width: 800px) 100vw, 800px\" itemprop=\"image\" \/>\t\t\t\t\t\t\t\t\t\t\t\t\t\t\t\t\t\t\t\t\t\t\t\t\t\t\t\t\t<\/figure>\n\t\t\t<\/div>\n\t\t<\/div>\n\n\t\t\t\t\t<\/div>\n\t\t\t\t<\/div>\n\t\t\t\t<\/div>\n\t\t<div class=\"elementor-element elementor-element-1a423f5 e-con-full e-flex e-con e-child\" data-id=\"1a423f5\" data-element_type=\"container\" data-e-type=\"container\" data-settings=\"{&quot;background_background&quot;:&quot;classic&quot;}\">\n\t\t\t\t<div class=\"elementor-element elementor-element-a21e342 elementor-widget elementor-widget-hub_fancy_heading lqd-el-has-inner-anim\" data-id=\"a21e342\" data-element_type=\"widget\" data-e-type=\"widget\" data-settings=\"{&quot;enable_split&quot;:&quot;true&quot;,&quot;split_type&quot;:&quot;words&quot;}\" data-widget_type=\"hub_fancy_heading.default\">\n\t\t\t\t<div class=\"elementor-widget-container\">\n\t\t\t\t\t\n\t\t<div id=\"ld-fancy-heading-6a0822b518e88\" class=\"ld-fancy-heading pos-rel\">\n\t\t\t<h2 class=\"ld-fh-element d-inline-block pos-rel  elementor-heading-title lqd-highlight-classic lqd-highlight-grow-left lqd-split-words h2\"  data-split-text=\"true\" data-split-options='{\"type\":\"words\"}'> Vamos dar vida ao seu merchandising<\/h2>\t\t<\/div>\n\n\t\t\t\t\t\t<\/div>\n\t\t\t\t<\/div>\n\t\t\t\t<div class=\"elementor-element elementor-element-0ccb286 elementor-widget__width-initial elementor-widget elementor-widget-text-editor\" data-id=\"0ccb286\" data-element_type=\"widget\" data-e-type=\"widget\" data-widget_type=\"text-editor.default\">\n\t\t\t\t<div class=\"elementor-widget-container\">\n\t\t\t\t\t\t\t\t\t<p>Cada pe\u00e7a da Nicoletta \u00e9 mais do que merchandising. \u00c9 uma express\u00e3o marcante de identidade, criatividade e impacto. Seja para representar sua universidade, surpreender sua equipe ou lan\u00e7ar algo novo e cheio de significado, estamos aqui para fazer acontecer. Do seu primeiro clique no design at\u00e9 o dia em que o pedido chega, acompanhamos voc\u00ea em cada etapa \u2014 sem d\u00favidas, sem estresse. Apenas comunica\u00e7\u00e3o clara, qualidade artesanal e pe\u00e7as personalizadas que voc\u00ea vai ter orgulho de compartilhar.     <br>Pronto para come\u00e7ar? N\u00f3s tamb\u00e9m. <\/p>\t\t\t\t\t\t\t\t<\/div>\n\t\t\t\t<\/div>\n\t\t\t\t<div class=\"elementor-element elementor-element-7cfce63 elementor-align-center elementor-widget elementor-widget-ld_button\" data-id=\"7cfce63\" data-element_type=\"widget\" data-e-type=\"widget\" data-widget_type=\"ld_button.default\">\n\t\t\t\t<div class=\"elementor-widget-container\">\n\t\t\t\t\t\n\t\t\t<a\n\t\t\t\thref=\"https:\/\/nicoletta.com.py\/your-design\/\"class=\"elementor-button btn btn-solid btn-icon-shaped btn-has-label\"\t\t\t>\n\t\t\t\t\t\t\t\t\t<span data-text=\"PERSONALIZE SUA NICOLETTA\" class=\"btn-txt\">\n\t\t\t\t\t\tPERSONALIZE SUA NICOLETTA\t\t\t\t\t<\/span>\n\t\t\t\t\t\t\t\t\t\t\t<\/a>\n\t\t\t\t\t\t\t<\/div>\n\t\t\t\t<\/div>\n\t\t\t\t<\/div>\n\t\t\t\t\t<\/div>\n\t\t\t\t<\/div>\n\t\t\t\t<\/div>\n\t\t","protected":false},"excerpt":{"rendered":"<p>Sua jornada de merchandising personalizado come\u00e7a aqui N\u00f3s facilitamos tudo. Veja como ir da ideiaao produto final, passo a passo. Desenhe e personalize V\u00e1 at\u00e9 a se\u00e7\u00e3o \u201cSeu Design\u201d do nosso site para dar vida \u00e0 sua ideia. Escolha seus produtos e at\u00e9 duas cores que reflitam a identidade da sua universidade. Nossa ferramenta interativa [&hellip;]<\/p>\n","protected":false},"author":1,"featured_media":0,"parent":0,"menu_order":0,"comment_status":"closed","ping_status":"closed","template":"","meta":{"footnotes":""},"class_list":["post-18273","page","type-page","status-publish","hentry"],"_links":{"self":[{"href":"https:\/\/nicoletta.com.py\/pt-br\/wp-json\/wp\/v2\/pages\/18273","targetHints":{"allow":["GET"]}}],"collection":[{"href":"https:\/\/nicoletta.com.py\/pt-br\/wp-json\/wp\/v2\/pages"}],"about":[{"href":"https:\/\/nicoletta.com.py\/pt-br\/wp-json\/wp\/v2\/types\/page"}],"author":[{"embeddable":true,"href":"https:\/\/nicoletta.com.py\/pt-br\/wp-json\/wp\/v2\/users\/1"}],"replies":[{"embeddable":true,"href":"https:\/\/nicoletta.com.py\/pt-br\/wp-json\/wp\/v2\/comments?post=18273"}],"version-history":[{"count":3,"href":"https:\/\/nicoletta.com.py\/pt-br\/wp-json\/wp\/v2\/pages\/18273\/revisions"}],"predecessor-version":[{"id":18373,"href":"https:\/\/nicoletta.com.py\/pt-br\/wp-json\/wp\/v2\/pages\/18273\/revisions\/18373"}],"wp:attachment":[{"href":"https:\/\/nicoletta.com.py\/pt-br\/wp-json\/wp\/v2\/media?parent=18273"}],"curies":[{"name":"wp","href":"https:\/\/api.w.org\/{rel}","templated":true}]}}